{"id":544,"date":"2026-02-10T13:15:52","date_gmt":"2026-02-10T10:15:52","guid":{"rendered":"https:\/\/www.bplussolutions.com\/?page_id=544"},"modified":"2026-02-11T09:56:15","modified_gmt":"2026-02-11T06:56:15","slug":"documentation-resources","status":"publish","type":"page","link":"https:\/\/www.bplussolutions.com\/tr\/documentation-resources\/","title":{"rendered":"Dok\u00fcmantasyon Kayna\u011f\u0131"},"content":{"rendered":"<div data-elementor-type=\"wp-page\" data-elementor-id=\"544\" class=\"elementor elementor-544\" data-elementor-settings=\"{&quot;element_pack_global_tooltip_width&quot;:{&quot;unit&quot;:&quot;px&quot;,&quot;size&quot;:&quot;&quot;,&quot;sizes&quot;:[]},&quot;element_pack_global_tooltip_width_tablet&quot;:{&quot;unit&quot;:&quot;px&quot;,&quot;size&quot;:&quot;&quot;,&quot;sizes&quot;:[]},&quot;element_pack_global_tooltip_width_mobile&quot;:{&quot;unit&quot;:&quot;px&quot;,&quot;size&quot;:&quot;&quot;,&quot;sizes&quot;:[]},&quot;element_pack_global_tooltip_padding&quot;:{&quot;unit&quot;:&quot;px&quot;,&quot;top&quot;:&quot;&quot;,&quot;right&quot;:&quot;&quot;,&quot;bottom&quot;:&quot;&quot;,&quot;left&quot;:&quot;&quot;,&quot;isLinked&quot;:true},&quot;element_pack_global_tooltip_padding_tablet&quot;:{&quot;unit&quot;:&quot;px&quot;,&quot;top&quot;:&quot;&quot;,&quot;right&quot;:&quot;&quot;,&quot;bottom&quot;:&quot;&quot;,&quot;left&quot;:&quot;&quot;,&quot;isLinked&quot;:true},&quot;element_pack_global_tooltip_padding_mobile&quot;:{&quot;unit&quot;:&quot;px&quot;,&quot;top&quot;:&quot;&quot;,&quot;right&quot;:&quot;&quot;,&quot;bottom&quot;:&quot;&quot;,&quot;left&quot;:&quot;&quot;,&quot;isLinked&quot;:true},&quot;element_pack_global_tooltip_border_radius&quot;:{&quot;unit&quot;:&quot;px&quot;,&quot;top&quot;:&quot;&quot;,&quot;right&quot;:&quot;&quot;,&quot;bottom&quot;:&quot;&quot;,&quot;left&quot;:&quot;&quot;,&quot;isLinked&quot;:true},&quot;element_pack_global_tooltip_border_radius_tablet&quot;:{&quot;unit&quot;:&quot;px&quot;,&quot;top&quot;:&quot;&quot;,&quot;right&quot;:&quot;&quot;,&quot;bottom&quot;:&quot;&quot;,&quot;left&quot;:&quot;&quot;,&quot;isLinked&quot;:true},&quot;element_pack_global_tooltip_border_radius_mobile&quot;:{&quot;unit&quot;:&quot;px&quot;,&quot;top&quot;:&quot;&quot;,&quot;right&quot;:&quot;&quot;,&quot;bottom&quot;:&quot;&quot;,&quot;left&quot;:&quot;&quot;,&quot;isLinked&quot;:true}}\">\n\t\t\t\t<div class=\"elementor-element elementor-element-e5c6f82 e-flex e-con-boxed e-con e-parent\" data-id=\"e5c6f82\" data-element_type=\"container\" data-settings=\"{&quot;ekit_has_onepagescroll_dot&quot;:&quot;yes&quot;}\">\n\t\t\t\t\t<div class=\"e-con-inner\">\n\t\t\t\t<div class=\"elementor-element elementor-element-70ea17e elementor-widget elementor-widget-heading\" data-id=\"70ea17e\" data-element_type=\"widget\" data-settings=\"{&quot;ekit_we_effect_on&quot;:&quot;none&quot;}\" data-widget_type=\"heading.default\">\n\t\t\t\t<div class=\"elementor-widget-container\">\n\t\t\t<h2 class=\"elementor-heading-title elementor-size-default\">Dok\u00fcmantasyon Kayna\u011f\u0131<\/h2>\t\t<\/div>\n\t\t\t\t<\/div>\n\t\t\t\t\t<\/div>\n\t\t\t\t<\/div>\n\t\t<div class=\"elementor-element elementor-element-87c7b90 e-flex e-con-boxed e-con e-parent\" data-id=\"87c7b90\" data-element_type=\"container\" data-settings=\"{&quot;ekit_has_onepagescroll_dot&quot;:&quot;yes&quot;}\">\n\t\t\t\t\t<div class=\"e-con-inner\">\n\t\t\t\t<div class=\"elementor-element elementor-element-d06e151 elementor-widget elementor-widget-text-editor\" data-id=\"d06e151\" data-element_type=\"widget\" data-settings=\"{&quot;ekit_we_effect_on&quot;:&quot;none&quot;}\" data-widget_type=\"text-editor.default\">\n\t\t\t\t<div class=\"elementor-widget-container\">\n\t\t\t\t\t\t\t<p>Professional templates and documentation tools designed to support medical device regulatory compliance and clinical evaluation activities.<\/p>\t\t\t\t\t\t<\/div>\n\t\t\t\t<\/div>\n\t\t\t\t\t<\/div>\n\t\t\t\t<\/div>\n\t\t<div class=\"elementor-element elementor-element-520bf05 e-flex e-con-boxed e-con e-parent\" data-id=\"520bf05\" data-element_type=\"container\" data-settings=\"{&quot;ekit_has_onepagescroll_dot&quot;:&quot;yes&quot;}\">\n\t\t\t\t\t<div class=\"e-con-inner\">\n\t\t<div class=\"elementor-element elementor-element-b6ed78e e-con-full e-flex e-con e-child\" data-id=\"b6ed78e\" data-element_type=\"container\" data-settings=\"{&quot;ekit_has_onepagescroll_dot&quot;:&quot;yes&quot;}\">\n\t\t<div class=\"elementor-element elementor-element-c5ea318 e-grid e-con-full e-con e-child\" data-id=\"c5ea318\" data-element_type=\"container\" data-settings=\"{&quot;ekit_has_onepagescroll_dot&quot;:&quot;yes&quot;}\">\n\t\t<div class=\"elementor-element elementor-element-8098cb9 e-con-full e-flex e-con e-child\" data-id=\"8098cb9\" data-element_type=\"container\" data-settings=\"{&quot;background_background&quot;:&quot;classic&quot;,&quot;ekit_has_onepagescroll_dot&quot;:&quot;yes&quot;}\">\n\t\t\t\t<div class=\"elementor-element elementor-element-ce3686c elementor-widget elementor-widget-image\" data-id=\"ce3686c\" data-element_type=\"widget\" data-settings=\"{&quot;ekit_we_effect_on&quot;:&quot;none&quot;}\" data-widget_type=\"image.default\">\n\t\t\t\t<div class=\"elementor-widget-container\">\n\t\t\t\t\t\t\t\t\t\t\t\t\t<img fetchpriority=\"high\" decoding=\"async\" width=\"986\" height=\"1270\" src=\"https:\/\/www.bplussolutions.com\/wp-content\/uploads\/2026\/02\/CEP-Template-Cover.png\" class=\"attachment-large size-large wp-image-579\" alt=\"\" srcset=\"https:\/\/www.bplussolutions.com\/wp-content\/uploads\/2026\/02\/CEP-Template-Cover.png 986w, https:\/\/www.bplussolutions.com\/wp-content\/uploads\/2026\/02\/CEP-Template-Cover-768x989.png 768w\" sizes=\"(max-width: 986px) 100vw, 986px\" \/>\t\t\t\t\t\t\t\t\t\t\t\t\t<\/div>\n\t\t\t\t<\/div>\n\t\t\t\t<div class=\"elementor-element elementor-element-2d0d9de elementor-widget elementor-widget-heading\" data-id=\"2d0d9de\" data-element_type=\"widget\" data-settings=\"{&quot;ekit_we_effect_on&quot;:&quot;none&quot;}\" data-widget_type=\"heading.default\">\n\t\t\t\t<div class=\"elementor-widget-container\">\n\t\t\t<h2 class=\"elementor-heading-title elementor-size-default\"><span style=\"font-family: monospace, monospace;font-size: 1em;text-align: var(--text-align)\">CEP Template for Class IIa Medical Devices<\/span><\/h2>\t\t<\/div>\n\t\t\t\t<\/div>\n\t\t\t\t<div class=\"elementor-element elementor-element-0961826 elementor-widget elementor-widget-text-editor\" data-id=\"0961826\" data-element_type=\"widget\" data-settings=\"{&quot;ekit_we_effect_on&quot;:&quot;none&quot;}\" data-widget_type=\"text-editor.default\">\n\t\t\t\t<div class=\"elementor-widget-container\">\n\t\t\t\t\t\t\t<p>Structured sections for literature search strategy, clinical evidence planning, and appraisal methodology.<\/p>\t\t\t\t\t\t<\/div>\n\t\t\t\t<\/div>\n\t\t\t\t<div class=\"elementor-element elementor-element-49cbb87 elementor-widget elementor-widget-button\" data-id=\"49cbb87\" data-element_type=\"widget\" data-settings=\"{&quot;ekit_we_effect_on&quot;:&quot;none&quot;}\" data-widget_type=\"button.default\">\n\t\t\t\t<div class=\"elementor-widget-container\">\n\t\t\t\t\t\t\t<div class=\"elementor-button-wrapper\">\n\t\t\t\t\t<a class=\"elementor-button elementor-button-link elementor-size-sm\" href=\"https:\/\/www.bplussolutions.com\/tr\/contact\/\">\n\t\t\t\t\t\t<span class=\"elementor-button-content-wrapper\">\n\t\t\t\t\t\t\t\t\t<span class=\"elementor-button-text\">Request Template<\/span>\n\t\t\t\t\t<\/span>\n\t\t\t\t\t<\/a>\n\t\t\t\t<\/div>\n\t\t\t\t\t\t<\/div>\n\t\t\t\t<\/div>\n\t\t\t\t<div class=\"elementor-element elementor-element-a80f94a elementor-widget elementor-widget-button\" data-id=\"a80f94a\" data-element_type=\"widget\" data-settings=\"{&quot;ekit_we_effect_on&quot;:&quot;none&quot;}\" data-widget_type=\"button.default\">\n\t\t\t\t<div class=\"elementor-widget-container\">\n\t\t\t\t\t\t\t<div class=\"elementor-button-wrapper\">\n\t\t\t\t\t<a class=\"elementor-button elementor-button-link elementor-size-sm\" href=\"https:\/\/www.bplussolutions.com\/wp-content\/uploads\/2026\/02\/CEP-Template_BplusPreview-.pdf\">\n\t\t\t\t\t\t<span class=\"elementor-button-content-wrapper\">\n\t\t\t\t\t\t\t\t\t<span class=\"elementor-button-text\">Preview Template<\/span>\n\t\t\t\t\t<\/span>\n\t\t\t\t\t<\/a>\n\t\t\t\t<\/div>\n\t\t\t\t\t\t<\/div>\n\t\t\t\t<\/div>\n\t\t\t\t<\/div>\n\t\t\t\t<\/div>\n\t\t\t\t<\/div>\n\t\t\t\t\t<\/div>\n\t\t\t\t<\/div>\n\t\t\t\t<\/div>","protected":false},"excerpt":{"rendered":"<p>Documentation Resources Professional templates and documentation tools designed to support medical device regulatory compliance and clinical evaluation activities. CEP Template for Class IIa Medical Devices Structured sections for literature search strategy, clinical evidence planning, and appraisal methodology. Request Template Preview Template<\/p>","protected":false},"author":2,"featured_media":0,"parent":0,"menu_order":0,"comment_status":"closed","ping_status":"closed","template":"","meta":{"footnotes":""},"class_list":["post-544","page","type-page","status-publish","hentry"],"yoast_head":"<!-- This site is optimized with the Yoast SEO plugin v23.8 - https:\/\/yoast.com\/wordpress\/plugins\/seo\/ -->\n<title>Documentation Resources - B+ SOLUTIONS<\/title>\n<meta name=\"robots\" content=\"index, follow, max-snippet:-1, max-image-preview:large, max-video-preview:-1\" \/>\n<link rel=\"canonical\" href=\"https:\/\/www.bplussolutions.com\/tr\/documentation-resources\/\" \/>\n<meta property=\"og:locale\" content=\"tr_TR\" \/>\n<meta property=\"og:type\" content=\"article\" \/>\n<meta property=\"og:title\" content=\"Documentation Resources - B+ SOLUTIONS\" \/>\n<meta property=\"og:description\" content=\"Documentation Resources Professional templates and documentation tools designed to support medical device regulatory compliance and clinical evaluation activities. CEP Template for Class IIa Medical Devices Structured sections for literature search strategy, clinical evidence planning, and appraisal methodology. Request Template Preview Template\" \/>\n<meta property=\"og:url\" content=\"https:\/\/www.bplussolutions.com\/tr\/documentation-resources\/\" \/>\n<meta property=\"og:site_name\" content=\"B+ SOLUTIONS\" \/>\n<meta property=\"article:modified_time\" content=\"2026-02-11T06:56:15+00:00\" \/>\n<meta property=\"og:image\" content=\"https:\/\/www.bplussolutions.com\/wp-content\/uploads\/2026\/02\/CEP-Template-Cover.png\" \/>\n\t<meta property=\"og:image:width\" content=\"986\" \/>\n\t<meta property=\"og:image:height\" content=\"1270\" \/>\n\t<meta property=\"og:image:type\" content=\"image\/png\" \/>\n<meta name=\"twitter:card\" content=\"summary_large_image\" \/>\n<meta name=\"twitter:label1\" content=\"Tahmini okuma s\u00fcresi\" \/>\n\t<meta name=\"twitter:data1\" content=\"1 dakika\" \/>\n<script type=\"application\/ld+json\" class=\"yoast-schema-graph\">{\"@context\":\"https:\/\/schema.org\",\"@graph\":[{\"@type\":\"WebPage\",\"@id\":\"https:\/\/www.bplussolutions.com\/documentation-resources\/\",\"url\":\"https:\/\/www.bplussolutions.com\/documentation-resources\/\",\"name\":\"Documentation Resources - B+ SOLUTIONS\",\"isPartOf\":{\"@id\":\"https:\/\/www.bplussolutions.com\/#website\"},\"primaryImageOfPage\":{\"@id\":\"https:\/\/www.bplussolutions.com\/documentation-resources\/#primaryimage\"},\"image\":{\"@id\":\"https:\/\/www.bplussolutions.com\/documentation-resources\/#primaryimage\"},\"thumbnailUrl\":\"https:\/\/www.bplussolutions.com\/wp-content\/uploads\/2026\/02\/CEP-Template-Cover.png\",\"datePublished\":\"2026-02-10T10:15:52+00:00\",\"dateModified\":\"2026-02-11T06:56:15+00:00\",\"breadcrumb\":{\"@id\":\"https:\/\/www.bplussolutions.com\/documentation-resources\/#breadcrumb\"},\"inLanguage\":\"tr\",\"potentialAction\":[{\"@type\":\"ReadAction\",\"target\":[\"https:\/\/www.bplussolutions.com\/documentation-resources\/\"]}]},{\"@type\":\"ImageObject\",\"inLanguage\":\"tr\",\"@id\":\"https:\/\/www.bplussolutions.com\/documentation-resources\/#primaryimage\",\"url\":\"https:\/\/www.bplussolutions.com\/wp-content\/uploads\/2026\/02\/CEP-Template-Cover.png\",\"contentUrl\":\"https:\/\/www.bplussolutions.com\/wp-content\/uploads\/2026\/02\/CEP-Template-Cover.png\"},{\"@type\":\"BreadcrumbList\",\"@id\":\"https:\/\/www.bplussolutions.com\/documentation-resources\/#breadcrumb\",\"itemListElement\":[{\"@type\":\"ListItem\",\"position\":1,\"name\":\"Home\",\"item\":\"https:\/\/www.bplussolutions.com\/\"},{\"@type\":\"ListItem\",\"position\":2,\"name\":\"Documentation Resources\"}]},{\"@type\":\"WebSite\",\"@id\":\"https:\/\/www.bplussolutions.com\/#website\",\"url\":\"https:\/\/www.bplussolutions.com\/\",\"name\":\"B+ SOLUTIONS\",\"description\":\"Smart Medical Device Solutions - Trusted Partnership\",\"publisher\":{\"@id\":\"https:\/\/www.bplussolutions.com\/#organization\"},\"potentialAction\":[{\"@type\":\"SearchAction\",\"target\":{\"@type\":\"EntryPoint\",\"urlTemplate\":\"https:\/\/www.bplussolutions.com\/?s={search_term_string}\"},\"query-input\":{\"@type\":\"PropertyValueSpecification\",\"valueRequired\":true,\"valueName\":\"search_term_string\"}}],\"inLanguage\":\"tr\"},{\"@type\":\"Organization\",\"@id\":\"https:\/\/www.bplussolutions.com\/#organization\",\"name\":\"B+ SOLUTIONS\",\"url\":\"https:\/\/www.bplussolutions.com\/\",\"logo\":{\"@type\":\"ImageObject\",\"inLanguage\":\"tr\",\"@id\":\"https:\/\/www.bplussolutions.com\/#\/schema\/logo\/image\/\",\"url\":\"https:\/\/www.bplussolutions.com\/wp-content\/uploads\/2024\/10\/bplus-logo-2.png\",\"contentUrl\":\"https:\/\/www.bplussolutions.com\/wp-content\/uploads\/2024\/10\/bplus-logo-2.png\",\"width\":1311,\"height\":98,\"caption\":\"B+ SOLUTIONS\"},\"image\":{\"@id\":\"https:\/\/www.bplussolutions.com\/#\/schema\/logo\/image\/\"}}]}<\/script>\n<!-- \/ Yoast SEO plugin. -->","yoast_head_json":{"title":"Documentation Resources - B+ SOLUTIONS","robots":{"index":"index","follow":"follow","max-snippet":"max-snippet:-1","max-image-preview":"max-image-preview:large","max-video-preview":"max-video-preview:-1"},"canonical":"https:\/\/www.bplussolutions.com\/tr\/documentation-resources\/","og_locale":"tr_TR","og_type":"article","og_title":"Documentation Resources - B+ SOLUTIONS","og_description":"Documentation Resources Professional templates and documentation tools designed to support medical device regulatory compliance and clinical evaluation activities. CEP Template for Class IIa Medical Devices Structured sections for literature search strategy, clinical evidence planning, and appraisal methodology. Request Template Preview Template","og_url":"https:\/\/www.bplussolutions.com\/tr\/documentation-resources\/","og_site_name":"B+ SOLUTIONS","article_modified_time":"2026-02-11T06:56:15+00:00","og_image":[{"width":986,"height":1270,"url":"https:\/\/www.bplussolutions.com\/wp-content\/uploads\/2026\/02\/CEP-Template-Cover.png","type":"image\/png"}],"twitter_card":"summary_large_image","twitter_misc":{"Tahmini okuma s\u00fcresi":"1 dakika"},"schema":{"@context":"https:\/\/schema.org","@graph":[{"@type":"WebPage","@id":"https:\/\/www.bplussolutions.com\/documentation-resources\/","url":"https:\/\/www.bplussolutions.com\/documentation-resources\/","name":"Documentation Resources - B+ SOLUTIONS","isPartOf":{"@id":"https:\/\/www.bplussolutions.com\/#website"},"primaryImageOfPage":{"@id":"https:\/\/www.bplussolutions.com\/documentation-resources\/#primaryimage"},"image":{"@id":"https:\/\/www.bplussolutions.com\/documentation-resources\/#primaryimage"},"thumbnailUrl":"https:\/\/www.bplussolutions.com\/wp-content\/uploads\/2026\/02\/CEP-Template-Cover.png","datePublished":"2026-02-10T10:15:52+00:00","dateModified":"2026-02-11T06:56:15+00:00","breadcrumb":{"@id":"https:\/\/www.bplussolutions.com\/documentation-resources\/#breadcrumb"},"inLanguage":"tr","potentialAction":[{"@type":"ReadAction","target":["https:\/\/www.bplussolutions.com\/documentation-resources\/"]}]},{"@type":"ImageObject","inLanguage":"tr","@id":"https:\/\/www.bplussolutions.com\/documentation-resources\/#primaryimage","url":"https:\/\/www.bplussolutions.com\/wp-content\/uploads\/2026\/02\/CEP-Template-Cover.png","contentUrl":"https:\/\/www.bplussolutions.com\/wp-content\/uploads\/2026\/02\/CEP-Template-Cover.png"},{"@type":"BreadcrumbList","@id":"https:\/\/www.bplussolutions.com\/documentation-resources\/#breadcrumb","itemListElement":[{"@type":"ListItem","position":1,"name":"Home","item":"https:\/\/www.bplussolutions.com\/"},{"@type":"ListItem","position":2,"name":"Documentation Resources"}]},{"@type":"WebSite","@id":"https:\/\/www.bplussolutions.com\/#website","url":"https:\/\/www.bplussolutions.com\/","name":"B+ SOLUTIONS","description":"Smart Medical Device Solutions - Trusted Partnership","publisher":{"@id":"https:\/\/www.bplussolutions.com\/#organization"},"potentialAction":[{"@type":"SearchAction","target":{"@type":"EntryPoint","urlTemplate":"https:\/\/www.bplussolutions.com\/?s={search_term_string}"},"query-input":{"@type":"PropertyValueSpecification","valueRequired":true,"valueName":"search_term_string"}}],"inLanguage":"tr"},{"@type":"Organization","@id":"https:\/\/www.bplussolutions.com\/#organization","name":"B+ SOLUTIONS","url":"https:\/\/www.bplussolutions.com\/","logo":{"@type":"ImageObject","inLanguage":"tr","@id":"https:\/\/www.bplussolutions.com\/#\/schema\/logo\/image\/","url":"https:\/\/www.bplussolutions.com\/wp-content\/uploads\/2024\/10\/bplus-logo-2.png","contentUrl":"https:\/\/www.bplussolutions.com\/wp-content\/uploads\/2024\/10\/bplus-logo-2.png","width":1311,"height":98,"caption":"B+ SOLUTIONS"},"image":{"@id":"https:\/\/www.bplussolutions.com\/#\/schema\/logo\/image\/"}}]}},"jetpack_sharing_enabled":true,"_links":{"self":[{"href":"https:\/\/www.bplussolutions.com\/tr\/wp-json\/wp\/v2\/pages\/544","targetHints":{"allow":["GET"]}}],"collection":[{"href":"https:\/\/www.bplussolutions.com\/tr\/wp-json\/wp\/v2\/pages"}],"about":[{"href":"https:\/\/www.bplussolutions.com\/tr\/wp-json\/wp\/v2\/types\/page"}],"author":[{"embeddable":true,"href":"https:\/\/www.bplussolutions.com\/tr\/wp-json\/wp\/v2\/users\/2"}],"replies":[{"embeddable":true,"href":"https:\/\/www.bplussolutions.com\/tr\/wp-json\/wp\/v2\/comments?post=544"}],"version-history":[{"count":15,"href":"https:\/\/www.bplussolutions.com\/tr\/wp-json\/wp\/v2\/pages\/544\/revisions"}],"predecessor-version":[{"id":586,"href":"https:\/\/www.bplussolutions.com\/tr\/wp-json\/wp\/v2\/pages\/544\/revisions\/586"}],"wp:attachment":[{"href":"https:\/\/www.bplussolutions.com\/tr\/wp-json\/wp\/v2\/media?parent=544"}],"curies":[{"name":"wp","href":"https:\/\/api.w.org\/{rel}","templated":true}]}}